{"id":562,"date":"2020-05-06T16:15:27","date_gmt":"2020-05-06T16:15:27","guid":{"rendered":"http:\/\/duosong.sk\/?page_id=562"},"modified":"2024-08-28T08:40:33","modified_gmt":"2024-08-28T08:40:33","slug":"o_nas","status":"publish","type":"page","link":"https:\/\/duosong.sk\/?page_id=562","title":{"rendered":"O n\u00e1s"},"content":{"rendered":"<h3 class=\"style39\" style=\"text-align: left;\" align=\"center\"><span style=\"color: #0b8187;\"><strong>Pon\u00fakame V\u00e1m hudobn\u00fa produkciu na r\u00f4zne spolo\u010densk\u00e9 podujatia.<\/strong><\/span><\/h3>\n<p><strong>Hudobn\u00e1 produkcia je vhodn\u00e1 na:<\/strong><\/p>\n<ul>\n<li>svadbu<\/li>\n<li>ples<\/li>\n<li>rodinn\u00fa oslavu<\/li>\n<li>tane\u010dn\u00fa z\u00e1bavu<\/li>\n<li>firemn\u00fd ve\u010dierok<\/li>\n<li>recepciu<\/li>\n<li>a in\u00e9 spolo\u010densk\u00e9 podujatia<\/li>\n<\/ul>\n<p><strong>Reperto\u00e1r (pribli\u017ene 500 skladieb) pozostav\u00e1 z:<\/strong><\/p>\n<ul>\n<li>Oldies skladieb,<\/li>\n<li>modern\u00fdch skladieb od dom\u00e1cich a zahrani\u010dn\u00fdch interpr\u00e9tov,<\/li>\n<li>nestarn\u00face everygreeny zahrani\u010dn\u00e9 i slovensk\u00e9,<\/li>\n<li>\u013eudov\u00fdch skladieb<\/li>\n<\/ul>\n<p>Na z\u00e1klade predbe\u017enej dohody je mo\u017en\u00e1 kombin\u00e1cia na\u0161ej live hudobnej produkcie s reprodukovanou DJ hudbou.<\/p>\n<p>Pou\u017e\u00edvame vlastn\u00fa zvukov\u00fa techniku od renomovan\u00fdch zna\u010diek DYNACORD, SHURE, YAMAHA a sveteln\u00fd park zlo\u017een\u00fd z rota\u010dn\u00fdch hl\u00e1v a LED panelov.<\/p>\n<p><strong>Po\u010das spolo\u010dn\u00e9ho dlhoro\u010dn\u00e9ho p\u00f4sobenia m\u00e1me za sebou mno\u017estvo akci\u00ed v r\u00e1mci cel\u00e9ho Slovenska.\u00a0 <\/strong><br \/>\n<strong>Citliv\u00fdm v\u00fdberom skladieb sa sna\u017e\u00edme spr\u00edjem\u0148ova\u0165 ka\u017ed\u00fa \u010das\u0165 podujatia &#8211; \u010di u\u017e ako kulisa pri konzum\u00e1cii jedla, ale samozrejme dok\u00e1\u017eeme i \u201erozto\u010di\u0165\u201c spolo\u010dnos\u0165 k poriadnej z\u00e1bave \ud83d\ude42<\/strong><\/p>\n<p><span style=\"color: #141414;\">hudba na svadbu hudba na ples hudba na rodinn\u00fa oslavu hudobna skupina na svadbu hudobna skupina na ples hudobn\u00e1 skupina na rodinnu oslavu<\/span><br \/>\n<span style=\"color: #141414;\">levice nitra nove zamky zlate moravce topolcany topolcianky ziar nad hronom zarnovica nova bana banska stiavnica\u00a0 z\u00e1padoslovensk\u00fd kraj<\/span><\/p>\n","protected":false},"excerpt":{"rendered":"<p>Pon\u00fakame V\u00e1m hudobn\u00fa produkciu na r\u00f4zne spolo\u010densk\u00e9 podujatia. Hudobn\u00e1 produkcia je vhodn\u00e1 na: svadbu ples rodinn\u00fa oslavu tane\u010dn\u00fa z\u00e1bavu firemn\u00fd ve\u010dierok recepciu a in\u00e9 spolo\u010densk\u00e9 [&hellip;]<\/p>\n","protected":false},"author":1,"featured_media":580,"parent":0,"menu_order":0,"comment_status":"closed","ping_status":"closed","template":"","meta":{"footnotes":""},"_links":{"self":[{"href":"https:\/\/duosong.sk\/index.php?rest_route=\/wp\/v2\/pages\/562"}],"collection":[{"href":"https:\/\/duosong.sk\/index.php?rest_route=\/wp\/v2\/pages"}],"about":[{"href":"https:\/\/duosong.sk\/index.php?rest_route=\/wp\/v2\/types\/page"}],"author":[{"embeddable":true,"href":"https:\/\/duosong.sk\/index.php?rest_route=\/wp\/v2\/users\/1"}],"replies":[{"embeddable":true,"href":"https:\/\/duosong.sk\/index.php?rest_route=%2Fwp%2Fv2%2Fcomments&post=562"}],"version-history":[{"count":9,"href":"https:\/\/duosong.sk\/index.php?rest_route=\/wp\/v2\/pages\/562\/revisions"}],"predecessor-version":[{"id":924,"href":"https:\/\/duosong.sk\/index.php?rest_route=\/wp\/v2\/pages\/562\/revisions\/924"}],"wp:featuredmedia":[{"embeddable":true,"href":"https:\/\/duosong.sk\/index.php?rest_route=\/wp\/v2\/media\/580"}],"wp:attachment":[{"href":"https:\/\/duosong.sk\/index.php?rest_route=%2Fwp%2Fv2%2Fmedia&parent=562"}],"curies":[{"name":"wp","href":"https:\/\/api.w.org\/{rel}","templated":true}]}}