{"id":545,"date":"2020-05-06T15:30:20","date_gmt":"2020-05-06T15:30:20","guid":{"rendered":"http:\/\/duosong.sk\/?page_id=545"},"modified":"2020-10-15T06:06:39","modified_gmt":"2020-10-15T06:06:39","slug":"ivan","status":"publish","type":"page","link":"https:\/\/duosong.sk\/?page_id=545","title":{"rendered":"Ivan"},"content":{"rendered":"<p>Hudbu m\u00e1m r\u00e1d odmali\u010dka. Nav\u0161tevoval som \u013eudov\u00fa \u0161kolu umenia. Vo svojich 15 rokov sme spolu s kamar\u00e1tmi zalo\u017eili na\u0161u prv\u00fa hudobn\u00fa kapelu \ud83d\ude42 &#8230;a ako to u\u017e chod\u00ed, kapely sa rozpadali a zakladali ako huby po da\u017edi. P\u00f4sobil som v r\u00f4znych zoskupeniach. S jedn\u00fdm z nich sme po skon\u010den\u00ed strednej \u0161koly za\u010dali p\u00f4sobi\u0165 pod umeleckou agent\u00farou a \u010fal\u0161\u00edch 5 rokov \u00fa\u010dinkovali po celom Slovensku. Hudba sa stala na\u0161ou pr\u00e1cou a pr\u00e1ca kon\u00ed\u010dkom. V roku 2001 vzniklo na\u0161e Duo Song, kde p\u00f4sob\u00edm a\u017e doteraz \ud83d\ude42<\/p>\n","protected":false},"excerpt":{"rendered":"<p>Hudbu m\u00e1m r\u00e1d odmali\u010dka. Nav\u0161tevoval som \u013eudov\u00fa \u0161kolu umenia. Vo svojich 15 rokov sme spolu s kamar\u00e1tmi zalo\u017eili na\u0161u prv\u00fa hudobn\u00fa kapelu \ud83d\ude42 &#8230;a ako [&hellip;]<\/p>\n","protected":false},"author":1,"featured_media":572,"parent":0,"menu_order":0,"comment_status":"closed","ping_status":"closed","template":"","meta":{"footnotes":""},"_links":{"self":[{"href":"https:\/\/duosong.sk\/index.php?rest_route=\/wp\/v2\/pages\/545"}],"collection":[{"href":"https:\/\/duosong.sk\/index.php?rest_route=\/wp\/v2\/pages"}],"about":[{"href":"https:\/\/duosong.sk\/index.php?rest_route=\/wp\/v2\/types\/page"}],"author":[{"embeddable":true,"href":"https:\/\/duosong.sk\/index.php?rest_route=\/wp\/v2\/users\/1"}],"replies":[{"embeddable":true,"href":"https:\/\/duosong.sk\/index.php?rest_route=%2Fwp%2Fv2%2Fcomments&post=545"}],"version-history":[{"count":4,"href":"https:\/\/duosong.sk\/index.php?rest_route=\/wp\/v2\/pages\/545\/revisions"}],"predecessor-version":[{"id":675,"href":"https:\/\/duosong.sk\/index.php?rest_route=\/wp\/v2\/pages\/545\/revisions\/675"}],"wp:featuredmedia":[{"embeddable":true,"href":"https:\/\/duosong.sk\/index.php?rest_route=\/wp\/v2\/media\/572"}],"wp:attachment":[{"href":"https:\/\/duosong.sk\/index.php?rest_route=%2Fwp%2Fv2%2Fmedia&parent=545"}],"curies":[{"name":"wp","href":"https:\/\/api.w.org\/{rel}","templated":true}]}}