{"id":541,"date":"2020-05-06T15:11:33","date_gmt":"2020-05-06T15:11:33","guid":{"rendered":"http:\/\/duosong.sk\/?page_id=541"},"modified":"2023-11-30T08:47:46","modified_gmt":"2023-11-30T08:47:46","slug":"maja","status":"publish","type":"page","link":"https:\/\/duosong.sk\/?page_id=541","title":{"rendered":"Maja"},"content":{"rendered":"<p>Spev ma bav\u00ed.\u00a0 Spev som nikdy ne\u0161tudovala, bol to m\u00f4j kon\u00ed\u010dek \ud83d\ude42 Podstatne nesk\u00f4r, asi od roku 1999, som vystriedala obradn\u00fa sie\u0148, kde som spievala na svadobn\u00fdch obradoch, za p\u00f3di\u00e1 kult\u00farnych domov a za\u010dala som spieva\u0165 v &#8220;z\u00e1bavov\u00fdch&#8221; kapel\u00e1ch.\u00a0 V Duo Song spievam od roku 2001.<br \/>\n<a href=\"https:\/\/www.facebook.com\/maja.buriova\"><img loading=\"lazy\" decoding=\"async\" class=\"alignnone size-full wp-image-542\" src=\"http:\/\/duosong.sk\/wp-content\/uploads\/2020\/05\/facebook-logo-330.png\" alt=\"\" width=\"287\" height=\"119\" \/><\/a><\/p>\n","protected":false},"excerpt":{"rendered":"<p>Spev ma bav\u00ed.\u00a0 Spev som nikdy ne\u0161tudovala, bol to m\u00f4j kon\u00ed\u010dek \ud83d\ude42 Podstatne nesk\u00f4r, asi od roku 1999, som vystriedala obradn\u00fa sie\u0148, kde som spievala [&hellip;]<\/p>\n","protected":false},"author":1,"featured_media":575,"parent":0,"menu_order":0,"comment_status":"closed","ping_status":"closed","template":"","meta":{"footnotes":""},"_links":{"self":[{"href":"https:\/\/duosong.sk\/index.php?rest_route=\/wp\/v2\/pages\/541"}],"collection":[{"href":"https:\/\/duosong.sk\/index.php?rest_route=\/wp\/v2\/pages"}],"about":[{"href":"https:\/\/duosong.sk\/index.php?rest_route=\/wp\/v2\/types\/page"}],"author":[{"embeddable":true,"href":"https:\/\/duosong.sk\/index.php?rest_route=\/wp\/v2\/users\/1"}],"replies":[{"embeddable":true,"href":"https:\/\/duosong.sk\/index.php?rest_route=%2Fwp%2Fv2%2Fcomments&post=541"}],"version-history":[{"count":4,"href":"https:\/\/duosong.sk\/index.php?rest_route=\/wp\/v2\/pages\/541\/revisions"}],"predecessor-version":[{"id":876,"href":"https:\/\/duosong.sk\/index.php?rest_route=\/wp\/v2\/pages\/541\/revisions\/876"}],"wp:featuredmedia":[{"embeddable":true,"href":"https:\/\/duosong.sk\/index.php?rest_route=\/wp\/v2\/media\/575"}],"wp:attachment":[{"href":"https:\/\/duosong.sk\/index.php?rest_route=%2Fwp%2Fv2%2Fmedia&parent=541"}],"curies":[{"name":"wp","href":"https:\/\/api.w.org\/{rel}","templated":true}]}}