{"id":425,"date":"2019-01-20T09:57:13","date_gmt":"2019-01-20T09:57:13","guid":{"rendered":"http:\/\/duosong.sk\/?page_id=425"},"modified":"2024-09-02T04:46:22","modified_gmt":"2024-09-02T04:46:22","slug":"info-o-svadbach","status":"publish","type":"page","link":"https:\/\/duosong.sk\/?page_id=425","title":{"rendered":"Info o svadb\u00e1ch"},"content":{"rendered":"<p>Ka\u017ed\u00e1 svadba m\u00e1 svoj ur\u010dit\u00fd priebeh.<\/p>\n<p>Na miesto konania svadobnej hostiny prich\u00e1dzame 1,5 &#8211; 2 hod. vopred, kedy si priprav\u00edme hudobn\u00fa aparat\u00faru a nasvietime p\u00f3dium a tane\u010dn\u00fd parket.<br \/>\n<img loading=\"lazy\" decoding=\"async\" class=\"alignnone wp-image-366\" src=\"http:\/\/duosong.sk\/wp-content\/uploads\/2018\/12\/141_Fasiangovy-ples-2018-Jelenec.jpg\" alt=\"\" width=\"600\" height=\"400\" srcset=\"https:\/\/duosong.sk\/wp-content\/uploads\/2018\/12\/141_Fasiangovy-ples-2018-Jelenec.jpg 960w, https:\/\/duosong.sk\/wp-content\/uploads\/2018\/12\/141_Fasiangovy-ples-2018-Jelenec-300x200.jpg 300w, https:\/\/duosong.sk\/wp-content\/uploads\/2018\/12\/141_Fasiangovy-ples-2018-Jelenec-768x512.jpg 768w\" sizes=\"(max-width: 600px) 100vw, 600px\" \/><\/p>\n<p>Svadobn\u00e1 hostina sa za\u010d\u00edna, ke\u010f mladoman\u017eelia a hostia dorazia na miesto svadobnej hostiny. Tu novoman\u017eelov a svadobn\u00fdch host\u00ed priv\u00edta starej\u0161\u00ed, alebo person\u00e1l. Nasleduje spolo\u010dn\u00fd pr\u00edpitok, rozb\u00edjanie taniera.\u00a0\u017den\u00edch v\u00e4\u010d\u0161inou prenesie nevestu ponad prah &#8211; po\u010das pr\u00edchodu do s\u00e1ly hr\u00e1me <strong>svadobn\u00fd pochod<\/strong>. Ke\u010f s\u00fa hostia usaden\u00ed,\u00a0nasleduje pr\u00edhovor starej\u0161ieho, po ktorom zahr\u00e1me <strong>\u017eivijo<\/strong>.<\/p>\n<p>Po svadobnej ve\u010deri za\u010d\u00edna tane\u010dn\u00e1 \u010das\u0165 svadby tzv.<strong> prv\u00fdm novoman\u017eelsk\u00fdm tancom<\/strong>. K prv\u00e9mu tancu V\u00e1s vyzveme my, alebo starej\u0161\u00ed. Vyberte si Va\u0161u spolo\u010dn\u00fa ob\u013e\u00faben\u00fa pesni\u010dku, na ktor\u00fa budete vy a Va\u0161i hostia spom\u00edna\u0165 e\u0161te dlho po svadbe. Pesni\u010dku si m\u00f4\u017eete vybra\u0165 z n\u00e1\u0161ho reperto\u00e1ru a pokia\u013e sa v \u0148om nenach\u00e1dza, vieme V\u00e1m pusti\u0165 origin\u00e1l skladby. Na prvej skladbe sa dohodneme e\u0161te pred svadbou.<\/p>\n<p><img loading=\"lazy\" decoding=\"async\" class=\"alignnone wp-image-221\" src=\"http:\/\/duosong.sk\/wp-content\/uploads\/2018\/05\/4.jpg\" alt=\"\" width=\"600\" height=\"400\" srcset=\"https:\/\/duosong.sk\/wp-content\/uploads\/2018\/05\/4.jpg 700w, https:\/\/duosong.sk\/wp-content\/uploads\/2018\/05\/4-300x200.jpg 300w\" sizes=\"(max-width: 600px) 100vw, 600px\" \/><\/p>\n<p>Po prvom tanci nasleduje<strong> tanec s\u00a0rodi\u010dmi.\u00a0<\/strong>Na tanec s\u00a0rodi\u010dmi v\u00e4\u010d\u0161inou hr\u00e1me val\u010d\u00edk \u2013 Vydala mami\u010dka najkraj\u0161iu dc\u00e9re\u010dku alebo Otecko m\u00f4j mamka moja.<br \/>\nPo tzv. rodi\u010dovskom tanci nasleduje<strong> tane\u010dn\u00e1 z\u00e1bava<\/strong>. Hr\u00e1me v\u0161etky \u0161t\u00fdly hudby, cez ktor\u00e9 sa sna\u017e\u00edme plynule prech\u00e1dza\u0165. Vo v\u00e4\u010d\u0161ine pr\u00edpadov kol\u00e1 za\u010d\u00edname skladbami, kde si m\u00f4\u017eu zatancova\u0165 p\u00e1ry \u2013 s\u00fa to bu\u010f pomal\u00e9 alebo \u013eudov\u00e9 skladby. Aby svadobn\u00e9 kol\u00e1 gradovali, zvy\u0161ujeme tempo a pokra\u010dujeme oldies skladbami z 80 \u2013 90 rokov, latinsko-americk\u00fdmi, \u010deskoslovensk\u00fdmi a zahrani\u010dn\u00fdmi modern\u00fdmi skladbami a\u00a0kol\u00e1 v\u00e4\u010d\u0161inou zakon\u010dujeme temperamentn\u00fdmi skladbami ako napr. cig\u00e1nske alebo rock n\u00b4roll.\u00a0D\u013a\u017eka na\u0161ich k\u00f4l je v\u00e4\u010d\u0161inou cca 40 min. Pokia\u013e sa rozpr\u00fadi poriadna z\u00e1bava, samozrejme tancuchtiv\u00fa svadobn\u00fa spolo\u010dnos\u0165 neposielame po 40 min. na stoli\u010dky a\u00a0svadobn\u00e9 kolo potiahneme aj dlh\u0161ie. D\u013a\u017ekam k\u00f4l prisp\u00f4sobujeme aj d\u013a\u017eku na\u0161ich prest\u00e1vok, po\u010das ktor\u00fdch znie ako hudobn\u00e1 kulisa reprodukovan\u00e1 hudba. Zvy\u010dajne maj\u00fa prest\u00e1vky cca 15 min. Pokia\u013e m\u00e1te na svadbe starej\u0161ieho, zvykne prest\u00e1vky obohati\u0165 programom pre host\u00ed\u00a0\u2013 tzv. hrami, po\u010das ktor\u00fdch, ak je to potrebn\u00e9, spolupracujeme so starej\u0161\u00edm ako hudobn\u00fd doprovod.<\/p>\n<p><img loading=\"lazy\" decoding=\"async\" class=\"alignnone wp-image-219\" src=\"http:\/\/duosong.sk\/wp-content\/uploads\/2018\/05\/2.jpg\" alt=\"\" width=\"600\" height=\"400\" srcset=\"https:\/\/duosong.sk\/wp-content\/uploads\/2018\/05\/2.jpg 700w, https:\/\/duosong.sk\/wp-content\/uploads\/2018\/05\/2-300x200.jpg 300w\" sizes=\"(max-width: 600px) 100vw, 600px\" \/><\/p>\n<p><strong>\u010cep\u010denie nevesty<\/strong> je ak\u00fdmsi vrcholom na ka\u017edej svadbe. \u010cepenie m\u00e1 v\u00a0r\u00e9\u017eii bu\u010f starej\u0161\u00ed, alebo folkl\u00f3rny s\u00fabor. So starej\u0161\u00edm spolupracujeme a\u00a0po\u010das \u010depenia hr\u00e1me skladby Parta moja parta a\u00a0pri sn\u00edman\u00ed vienka z\u00a0hlavy nevesty skladbu Od Buchlova vietor veje. Pokia\u013e v\u0161ak nem\u00e1te pozvan\u00e9ho starej\u0161ieho ani s\u00fabor, vieme \u010depenie odmoderova\u0165 aj my. Po \u010dep\u010den\u00ed tancuje nevesta vykr\u00facanku &#8211; redov\u00fd tanec, kedy hr\u00e1me zmes \u013eudov\u00fdch skladieb &#8211; poliek. Vystriedaj\u00fa sa v\u0161etci hostia v tanci s mladou \u017eenou (pod\u013ea regi\u00f3nu aj \u017een\u00edchom) a potom si \u017een\u00edch odnesie nevestu. Po kr\u00e1tkej pauze prich\u00e1dzaj\u00fa mladoman\u017eelia prezle\u010den\u00ed a nasleduje <strong>popolno\u010dn\u00fd tanec mladoman\u017eelov<\/strong>. Op\u00e4\u0165 hr\u00e1me Va\u0161u ob\u013e\u00faben\u00fa skladbu z n\u00e1\u0161ho reperto\u00e1ru, alebo Vami vybrat\u00fa skladbu v p\u00f4vodnom znen\u00ed.<\/p>\n<p><img loading=\"lazy\" decoding=\"async\" class=\"alignnone wp-image-225\" src=\"http:\/\/duosong.sk\/wp-content\/uploads\/2018\/05\/8.jpg\" alt=\"\" width=\"600\" height=\"400\" srcset=\"https:\/\/duosong.sk\/wp-content\/uploads\/2018\/05\/8.jpg 700w, https:\/\/duosong.sk\/wp-content\/uploads\/2018\/05\/8-300x200.jpg 300w\" sizes=\"(max-width: 600px) 100vw, 600px\" \/><\/p>\n<p>Potom pokra\u010duje vo\u013en\u00e1 z\u00e1bava. Nie je mo\u017en\u00e9, aby sme vedeli zahra\u0165 a\u00a0podchyti\u0165 v\u0161etky skladby, \u010di hudobn\u00e9 \u017e\u00e1nre. Pokia\u013e m\u00e1te po\u017eiadavku, nie je probl\u00e9m po polnoci strieda\u0165 hran\u00e9 kol\u00e1 s\u00a0dj kolami. Preto, ak m\u00e1te ob\u013e\u00faben\u00e9 pesni\u010dky, ktor\u00e9 sa nenach\u00e1dzaj\u00fa v\u00a0na\u0161om reperto\u00e1ri, vieme V\u00e1m pusti\u0165 hudbu ako dj. V\u00a0tomto pr\u00edpade je vhodn\u00e9 \u2013 aby sme sa na tom vopred pred svadbou dohodli a\u00a0pokia\u013e sa skladby nenach\u00e1dzaj\u00fa v\u00a0na\u0161om dj reperto\u00e1ri, si ich vopred pripravili. D\u013a\u017eka svadobnej z\u00e1bavy b\u00fdva pod\u013ea dohody, v\u00e4\u010d\u0161inou do 4:00 hod. ranej.<br \/>\nTe\u0161\u00edme sa na V\u00e1s \ud83d\ude42<\/p>\n","protected":false},"excerpt":{"rendered":"<p>Ka\u017ed\u00e1 svadba m\u00e1 svoj ur\u010dit\u00fd priebeh. Na miesto konania svadobnej hostiny prich\u00e1dzame 1,5 &#8211; 2 hod. vopred, kedy si priprav\u00edme hudobn\u00fa aparat\u00faru a nasvietime p\u00f3dium [&hellip;]<\/p>\n","protected":false},"author":1,"featured_media":578,"parent":0,"menu_order":0,"comment_status":"closed","ping_status":"closed","template":"","meta":{"footnotes":""},"_links":{"self":[{"href":"https:\/\/duosong.sk\/index.php?rest_route=\/wp\/v2\/pages\/425"}],"collection":[{"href":"https:\/\/duosong.sk\/index.php?rest_route=\/wp\/v2\/pages"}],"about":[{"href":"https:\/\/duosong.sk\/index.php?rest_route=\/wp\/v2\/types\/page"}],"author":[{"embeddable":true,"href":"https:\/\/duosong.sk\/index.php?rest_route=\/wp\/v2\/users\/1"}],"replies":[{"embeddable":true,"href":"https:\/\/duosong.sk\/index.php?rest_route=%2Fwp%2Fv2%2Fcomments&post=425"}],"version-history":[{"count":10,"href":"https:\/\/duosong.sk\/index.php?rest_route=\/wp\/v2\/pages\/425\/revisions"}],"predecessor-version":[{"id":926,"href":"https:\/\/duosong.sk\/index.php?rest_route=\/wp\/v2\/pages\/425\/revisions\/926"}],"wp:featuredmedia":[{"embeddable":true,"href":"https:\/\/duosong.sk\/index.php?rest_route=\/wp\/v2\/media\/578"}],"wp:attachment":[{"href":"https:\/\/duosong.sk\/index.php?rest_route=%2Fwp%2Fv2%2Fmedia&parent=425"}],"curies":[{"name":"wp","href":"https:\/\/api.w.org\/{rel}","templated":true}]}}