{"id":42,"date":"2018-05-02T18:55:36","date_gmt":"2018-05-02T18:55:36","guid":{"rendered":"http:\/\/duosong.sk\/?page_id=42"},"modified":"2020-10-15T05:43:55","modified_gmt":"2020-10-15T05:43:55","slug":"hlavna-stranka","status":"publish","type":"page","link":"https:\/\/duosong.sk\/","title":{"rendered":"\u00davod"},"content":{"rendered":"<h3 style=\"text-align: left;\" align=\"center\">Hudobn\u00e1 skupina Duo Song z Lev\u00edc V\u00e1m pon\u00faka hudobn\u00fa produkciu na r\u00f4zne spolo\u010densk\u00e9 podujatia:<\/h3>\n<ul>\n<li>svadbu<\/li>\n<li>ples<\/li>\n<li>rodinn\u00fa oslavu<\/li>\n<li>tane\u010dn\u00fa z\u00e1bavu<\/li>\n<li>firemn\u00fd ve\u010dierok<\/li>\n<li>recepciu<\/li>\n<li>a in\u00e9 spolo\u010densk\u00e9 podujatia<\/li>\n<\/ul>\n<p><strong>Reperto\u00e1r (pribli\u017ene 500 skladieb) pozostav\u00e1 z:<\/strong><\/p>\n<ul>\n<li>Oldies skladieb,<\/li>\n<li>modern\u00fdch skladieb od dom\u00e1cich a zahrani\u010dn\u00fdch interpr\u00e9tov,<\/li>\n<li>nestarn\u00face everygreeny zahrani\u010dn\u00e9 i slovensk\u00e9,<\/li>\n<li>\u013eudov\u00fdch skladieb<\/li>\n<\/ul>\n<p><strong>DJ + svetl\u00e1<\/strong><br \/>\nNa\u0161a hudobn\u00e1 produkcia je po\u010das celej akcie live. Pokia\u013e sa v na\u0161om reperto\u00e1ri nenach\u00e1dzaj\u00fa Va\u0161e ob\u013e\u00faben\u00e9 skladby, skladby Va\u0161ej ob\u013e\u00fabenej hudobnej skupiny \u010di interpr\u00e9ta, na z\u00e1klade predbe\u017enej dohody je mo\u017en\u00e1 kombin\u00e1cia na\u0161ej live hudobnej produkcie s reprodukovanou DJ hudbou. Tak\u017ee Va\u0161e ob\u013e\u00faben\u00e9 skladby, ktor\u00e9 nem\u00e1me v reperto\u00e1ri, V\u00e1m zahr\u00e1me ako DJ \ud83d\ude42<br \/>\nNa hudobn\u00fa produkciu si nos\u00edme vlastn\u00fa sveteln\u00fa aparat\u00faru (fotografie m\u00f4\u017eete vidie\u0165 v na\u0161ej <a href=\"http:\/\/duosong.sk\/?page_id=48\">gal\u00e9rii<\/a>), ale pokia\u013e m\u00e1te z\u00e1ujem o naozaj profi nasvietenie V\u00e1\u0161ho podujatia, vieme V\u00e1m zabezpe\u010di\u0165 aj to a to tak, \u017ee s nami pr\u00edde na akciu \u010fal\u0161\u00ed \u010dlen, ktor\u00fd sa postar\u00e1 po\u010das cel\u00e9ho podujatia o obsluhu sveteln\u00fdch hl\u00e1v a in\u00fdch efektov.<\/p>\n<p>&nbsp;<\/p>\n<hr \/>\n<p style=\"padding-left: 30px;\"><strong>Nie\u010do nov\u0161ie z reperto\u00e1ru:<\/strong><br \/>\n\u010coskoro &#8211;\u00a0Peter Bi\u010d Project<br \/>\nZatancuj si so mnou &#8211;\u00a0Adam \u010eurica<br \/>\nNenahradite\u013en\u00e1 &#8211; Sima Martausov\u00e1<br \/>\nLa Libertad &#8211;\u00a0Alvaro Soler<br \/>\nLen ona &#8211; KALI ft. CLAUDIA<br \/>\n\u00c9chame La Culpa &#8211; Luis Fonsi, Demi Lovato<br \/>\n1, 2, 3 &#8211; Sofia Reyes<br \/>\nDespacito -Luis Fonsi ft. Daddy Yankee<br \/>\nPerfect &#8211; Ed Sheeran<br \/>\nSofia &#8211; Alvaro Soler<br \/>\nNejsom ten prav\u00fd &#8211; KALI<br \/>\nHor\u00faca L\u00e1ska &#8211; Luk\u00e1\u0161 Adamec<br \/>\nNever Give Up &#8211; Sia<br \/>\nHej Sokoly! &#8211; IMT Smile a Ondrej Kandr\u00e1\u010d<br \/>\nTa ne &#8211; Krist\u00edna<br \/>\nTak Po\u010f Sem &#8211; Igor Kme\u0165o ft. Elpe<br \/>\nMandol\u00edna &#8211; Adam \u010eurica<br \/>\nDuele el corazon &#8211; Enrique Iglesias<br \/>\n\u017dijeme len raz &#8211; Ego feat. Burian<br \/>\nZuzulienka &#8211; Mafia Corner<br \/>\n&#8230;<\/p>\n<p><strong>Po\u010das spolo\u010dn\u00e9ho 18-ro\u010dn\u00e9ho p\u00f4sobenia m\u00e1me za sebou mno\u017estvo akci\u00ed v r\u00e1mci cel\u00e9ho Slovenska.\u00a0 <\/strong><br \/>\n<strong>Citliv\u00fdm v\u00fdberom skladieb sa sna\u017e\u00edme spr\u00edjem\u0148ova\u0165 ka\u017ed\u00fa \u010das\u0165 podujatia &#8211; \u010di u\u017e ako kulisa pri konzum\u00e1cii jedla, ale samozrejme dok\u00e1\u017eeme i \u201erozto\u010di\u0165\u201c spolo\u010dnos\u0165 k poriadnej z\u00e1bave \ud83d\ude42<\/strong><\/p>\n<p><span style=\"color: #ffffff;\">hudba na svadbu hudba na ples hudba na rodinn\u00fa oslavu hudobna skupina na svadbu hudobna skupina na ples hudobn\u00e1 skupina na rodinnu oslavu<\/span><br \/>\n<span style=\"color: #ffffff;\">levice nitra nove zamky zlate moravce topolcany topolcianky ziar nad hronom zarnovica nova bana banska stiavnica\u00a0 z\u00e1padoslovensk\u00fd kraj<\/span><\/p>\n","protected":false},"excerpt":{"rendered":"<p>Hudobn\u00e1 skupina Duo Song z Lev\u00edc V\u00e1m pon\u00faka hudobn\u00fa produkciu na r\u00f4zne spolo\u010densk\u00e9 podujatia: svadbu ples rodinn\u00fa oslavu tane\u010dn\u00fa z\u00e1bavu firemn\u00fd ve\u010dierok recepciu a in\u00e9 [&hellip;]<\/p>\n","protected":false},"author":1,"featured_media":297,"parent":0,"menu_order":0,"comment_status":"closed","ping_status":"closed","template":"","meta":{"footnotes":""},"_links":{"self":[{"href":"https:\/\/duosong.sk\/index.php?rest_route=\/wp\/v2\/pages\/42"}],"collection":[{"href":"https:\/\/duosong.sk\/index.php?rest_route=\/wp\/v2\/pages"}],"about":[{"href":"https:\/\/duosong.sk\/index.php?rest_route=\/wp\/v2\/types\/page"}],"author":[{"embeddable":true,"href":"https:\/\/duosong.sk\/index.php?rest_route=\/wp\/v2\/users\/1"}],"replies":[{"embeddable":true,"href":"https:\/\/duosong.sk\/index.php?rest_route=%2Fwp%2Fv2%2Fcomments&post=42"}],"version-history":[{"count":44,"href":"https:\/\/duosong.sk\/index.php?rest_route=\/wp\/v2\/pages\/42\/revisions"}],"predecessor-version":[{"id":667,"href":"https:\/\/duosong.sk\/index.php?rest_route=\/wp\/v2\/pages\/42\/revisions\/667"}],"wp:featuredmedia":[{"embeddable":true,"href":"https:\/\/duosong.sk\/index.php?rest_route=\/wp\/v2\/media\/297"}],"wp:attachment":[{"href":"https:\/\/duosong.sk\/index.php?rest_route=%2Fwp%2Fv2%2Fmedia&parent=42"}],"curies":[{"name":"wp","href":"https:\/\/api.w.org\/{rel}","templated":true}]}}